{"id":386,"date":"2023-08-23T07:51:40","date_gmt":"2023-08-23T07:51:40","guid":{"rendered":"https:\/\/cereagps.com\/?page_id=386"},"modified":"2025-07-21T08:23:03","modified_gmt":"2025-07-21T08:23:03","slug":"empresas-colaboradoras","status":"publish","type":"page","link":"https:\/\/cereagps.com\/?page_id=386","title":{"rendered":"Empresas Colaboradoras"},"content":{"rendered":"\n<div class=\"wp-block-cover alignfull is-style-default h-screen\" style=\"min-height:425px;aspect-ratio:unset;\"><span aria-hidden=\"true\" class=\"wp-block-cover__background has-background-dim\"><\/span><img loading=\"lazy\" decoding=\"async\" width=\"1024\" height=\"410\" class=\"wp-block-cover__image-background wp-image-153\" alt=\"\" src=\"https:\/\/cereagps.com\/wp-content\/uploads\/2022\/08\/PHOTO-2020-05-21-14-51-03-e1692782234177-1024x410.jpg\" style=\"object-position:75% 19%\" data-object-fit=\"cover\" data-object-position=\"75% 19%\" srcset=\"https:\/\/cereagps.com\/wp-content\/uploads\/2022\/08\/PHOTO-2020-05-21-14-51-03-e1692782234177-1024x410.jpg 1024w, https:\/\/cereagps.com\/wp-content\/uploads\/2022\/08\/PHOTO-2020-05-21-14-51-03-e1692782234177-300x120.jpg 300w, https:\/\/cereagps.com\/wp-content\/uploads\/2022\/08\/PHOTO-2020-05-21-14-51-03-e1692782234177-768x307.jpg 768w, https:\/\/cereagps.com\/wp-content\/uploads\/2022\/08\/PHOTO-2020-05-21-14-51-03-e1692782234177-1536x614.jpg 1536w, https:\/\/cereagps.com\/wp-content\/uploads\/2022\/08\/PHOTO-2020-05-21-14-51-03-e1692782234177.jpg 2048w\" sizes=\"auto, (max-width: 1024px) 100vw, 1024px\" \/><div class=\"wp-block-cover__inner-container is-layout-flow wp-block-cover-is-layout-flow\">\n<h1 class=\"wp-block-heading has-text-align-center has-white-color has-text-color\" style=\"font-size:39px\">Empresas colaboradoras<\/h1>\n\n\n\n<p><\/p>\n\n\n\n<p><\/p>\n<\/div><\/div>\n\n\n\n<p><\/p>\n\n\n\n<h6 class=\"wp-block-heading\"><img loading=\"lazy\" decoding=\"async\" width=\"90\" height=\"36\" class=\"wp-image-588\" style=\"width: 90px;\" src=\"https:\/\/cereagps.com\/wp-content\/uploads\/2023\/09\/ScreenShot-Tool-20230925154340.png\" alt=\"\" srcset=\"https:\/\/cereagps.com\/wp-content\/uploads\/2023\/09\/ScreenShot-Tool-20230925154340.png 453w, https:\/\/cereagps.com\/wp-content\/uploads\/2023\/09\/ScreenShot-Tool-20230925154340-300x121.png 300w\" sizes=\"auto, (max-width: 90px) 100vw, 90px\" \/><\/h6>\n\n\n\n<h5 class=\"wp-block-heading\">                              <strong>Jaltest <\/strong>  <a aria-label=\" (opens in a new tab)\" href=\"https:\/\/www.jaltest.com\/es\/\" target=\"_blank\" rel=\"noreferrer noopener\" class=\"ek-link\"><span style=\"background-color:var(--ast-global-color-8)\" class=\"has-inline-background\">https:\/\/www.jaltest.com\/es\/<\/span><\/a><\/h5>\n\n\n\n<p>Jaltest es la divisi\u00f3n de Cojali dedicada al desarrollo de soluciones tecnol\u00f3gicas de alto valor a\u00f1adido que apuestan por la digitalizaci\u00f3n de los talleres, flotas y empresas de servicios, as\u00ed como por la especializaci\u00f3n del sector de la automoci\u00f3n industrial en la electr\u00f3nica.<\/p>\n\n\n\n<p>Estas soluciones, englobadas en las distintas marcas de Jaltest, hacen que nuestros clientes est\u00e9n a la vanguardia en su actividad y que dispongan de productos diferenciadores con los que satisfacer las necesidades de un mercado en constante evoluci\u00f3n.<\/p>\n\n\n\n<figure class=\"wp-block-embed is-type-video is-provider-youtube wp-block-embed-youtube wp-embed-aspect-16-9 wp-has-aspect-ratio\"><div class=\"wp-block-embed__wrapper\">\n<div class=\"ast-oembed-container \" style=\"height: 100%;\"><iframe loading=\"lazy\" title=\"\ud83d\ude9c\ud83c\udf31 Agritechnica 2023\u2026 HERE WE GO! \ud83d\ude0e\" width=\"500\" height=\"281\" src=\"https:\/\/www.youtube.com\/embed\/xvyrcVcUVoI?feature=oembed\" frameborder=\"0\" allow=\"accelerometer; autoplay; clipboard-write; encrypted-media; gyroscope; picture-in-picture; web-share\" referrerpolicy=\"strict-origin-when-cross-origin\" allowfullscreen><\/iframe><\/div>\n<\/div><\/figure>\n\n\n\n<p><\/p>\n\n\n\n<hr class=\"wp-block-separator alignwide has-alpha-channel-opacity\"\/>\n\n\n\n<p><\/p>\n\n\n\n<figure class=\"wp-block-image size-full is-resized\"><img loading=\"lazy\" decoding=\"async\" width=\"376\" height=\"172\" src=\"https:\/\/cereagps.com\/wp-content\/uploads\/2023\/09\/logo-1.png\" alt=\"\" class=\"wp-image-447\" style=\"width:73px;height:34px\" srcset=\"https:\/\/cereagps.com\/wp-content\/uploads\/2023\/09\/logo-1.png 376w, https:\/\/cereagps.com\/wp-content\/uploads\/2023\/09\/logo-1-300x137.png 300w\" sizes=\"auto, (max-width: 376px) 100vw, 376px\" \/><figcaption class=\"wp-element-caption\">                      <strong>Control Agro<\/strong>   <a href=\"https:\/\/controlagro.com.ar\/\" class=\"ek-link\"><span style=\"background-color:var(--ast-global-color-8)\" class=\"has-inline-background\">https:\/\/controlagro.com.ar\/<\/span><\/a><\/figcaption><\/figure>\n\n\n\n<p>SIID nace a fines del a\u00f1o 2003, y se constituye a comienzos del 2004 como S.R.L., en la ciudad de Avellaneda, provincia de Santa Fe.<\/p>\n\n\n\n<p>Control Agro es una empresa de investigaci\u00f3n, ingenier\u00eda y fabricaci\u00f3n, dedicada a desarrollar soluciones para el agro, el transporte y la industria. Comercializamos nuestros productos por medio de una red de Agentes Oficiales, conformando un grupo que se ocupa d\u00eda a d\u00eda de brindar lo mejor, no s\u00f3lo en relaci\u00f3n al dise\u00f1o y fabricaci\u00f3n de nuestros productos sino tambi\u00e9n en relaci\u00f3n a la instalaci\u00f3n y post venta de los mismos.<br>La vocaci\u00f3n innovadora de nuestro equipo, conformado por ingenieros y t\u00e9cnicos de destacada trayectoria, nos impulsa a la b\u00fasqueda permanente de desarrollo tecnol\u00f3gico, acorde a las exigencias de un mercado altamente competitivo, permitiendo resolver con dispositivos de \u00faltima generaci\u00f3n las necesidades de soluci\u00f3n surgidas de consultas de nuestros clientes. La organizaci\u00f3n crece junto con sus proveedores, distribuidores y m\u00e1s de 160 agentes oficiales, aliados estrat\u00e9gicos que comparten la convicci\u00f3n en la asociatividad y el esfuerzo colectivo como fuentes inagotables de ventajas competitivas<\/p>\n\n\n\n<p>Su misi\u00f3n: Desarrollar soluciones tecnol\u00f3gicas que mejoren la productividad de la explotaci\u00f3n agropecuaria, el transporte y la industria.<\/p>\n\n\n\n<figure class=\"wp-block-embed is-type-video is-provider-youtube wp-block-embed-youtube wp-embed-aspect-16-9 wp-has-aspect-ratio\"><div class=\"wp-block-embed__wrapper\">\n<div class=\"ast-oembed-container \" style=\"height: 100%;\"><iframe loading=\"lazy\" title=\"VIDEO INSTITUCIONAL SIID SRL\" width=\"500\" height=\"281\" src=\"https:\/\/www.youtube.com\/embed\/VV1JGbXLmsA?feature=oembed\" frameborder=\"0\" allow=\"accelerometer; autoplay; clipboard-write; encrypted-media; gyroscope; picture-in-picture; web-share\" referrerpolicy=\"strict-origin-when-cross-origin\" allowfullscreen><\/iframe><\/div>\n<\/div><\/figure>\n\n\n\n<p><\/p>\n\n\n\n<hr class=\"wp-block-separator alignwide has-alpha-channel-opacity is-style-wide\"\/>\n\n\n\n<p><img loading=\"lazy\" decoding=\"async\" width=\"75\" height=\"75\" class=\"wp-image-391\" style=\"width: 75px;\" src=\"https:\/\/cereagps.com\/wp-content\/uploads\/2023\/08\/squared.png\" alt=\"\" srcset=\"https:\/\/cereagps.com\/wp-content\/uploads\/2023\/08\/squared.png 662w, https:\/\/cereagps.com\/wp-content\/uploads\/2023\/08\/squared-300x300.png 300w, https:\/\/cereagps.com\/wp-content\/uploads\/2023\/08\/squared-150x150.png 150w\" sizes=\"auto, (max-width: 75px) 100vw, 75px\" \/>  <\/p>\n\n\n\n<p>                     <strong>Green Growth<a aria-label=\" (opens in a new tab)\" href=\"https:\/\/greengrowth.tech\/es\" target=\"_blank\" rel=\"noreferrer noopener sponsored\" class=\"ek-link\">h<\/a><\/strong><a aria-label=\" (opens in a new tab)\" href=\"https:\/\/greengrowth.tech\/es\" target=\"_blank\" rel=\"noreferrer noopener sponsored\" class=\"ek-link\"><span style=\"background-color:var(--ast-global-color-8)\" class=\"has-inline-background\">https:\/\/greengrowth.tech\/es<\/span><\/a><\/p>\n\n\n\n<p>Green Growth es una soluci\u00f3n basada en software y hardware compuesta por un conjunto de sensores, combinados en una sola infraestructura. Los datos se recopilan durante la cosecha y se presentan en forma de mapa de calor: datos de rendimiento de cada acre de un campo. Funciona en todas las cosechadoras y presenta datos completos sobre el rendimiento del campo.<\/p>\n\n\n\n<figure class=\"wp-block-image aligncenter size-large is-resized\"><img loading=\"lazy\" decoding=\"async\" width=\"819\" height=\"1024\" src=\"https:\/\/cereagps.com\/wp-content\/uploads\/2023\/08\/BANNER-GREEN-GROWTH-819x1024.png\" alt=\"\" class=\"wp-image-394\" style=\"width:282px;height:353px\" srcset=\"https:\/\/cereagps.com\/wp-content\/uploads\/2023\/08\/BANNER-GREEN-GROWTH-819x1024.png 819w, https:\/\/cereagps.com\/wp-content\/uploads\/2023\/08\/BANNER-GREEN-GROWTH-240x300.png 240w, https:\/\/cereagps.com\/wp-content\/uploads\/2023\/08\/BANNER-GREEN-GROWTH-768x960.png 768w, https:\/\/cereagps.com\/wp-content\/uploads\/2023\/08\/BANNER-GREEN-GROWTH.png 1080w\" sizes=\"auto, (max-width: 819px) 100vw, 819px\" \/><\/figure>\n\n\n\n<p><\/p>\n\n\n\n<figure class=\"wp-block-embed aligncenter is-type-video is-provider-youtube wp-block-embed-youtube wp-embed-aspect-16-9 wp-has-aspect-ratio\"><div class=\"wp-block-embed__wrapper\">\n<div class=\"ast-oembed-container \" style=\"height: 100%;\"><iframe loading=\"lazy\" title=\"Green Growth promo\" width=\"500\" height=\"281\" src=\"https:\/\/www.youtube.com\/embed\/SdEDRjOz4PY?feature=oembed\" frameborder=\"0\" allow=\"accelerometer; autoplay; clipboard-write; encrypted-media; gyroscope; picture-in-picture; web-share\" referrerpolicy=\"strict-origin-when-cross-origin\" allowfullscreen><\/iframe><\/div>\n<\/div><\/figure>\n\n\n\n<p><\/p>\n\n\n\n<p><\/p>\n\n\n\n<p><\/p>\n","protected":false},"excerpt":{"rendered":"<p>Jaltest https:\/\/www.jaltest.com\/es\/ Jaltest es la divisi\u00f3n de Cojali dedicada al desarrollo de soluciones tecnol\u00f3gicas de alto valor a\u00f1adido que apuestan por la digitalizaci\u00f3n de los talleres, flotas y empresas de servicios, as\u00ed como por la especializaci\u00f3n del sector de la automoci\u00f3n industrial en la electr\u00f3nica. Estas soluciones, englobadas en las distintas marcas de Jaltest, hacen [&hellip;]<\/p>\n","protected":false},"author":1,"featured_media":0,"parent":0,"menu_order":0,"comment_status":"closed","ping_status":"closed","template":"","meta":{"_editorskit_title_hidden":false,"_editorskit_reading_time":0,"_editorskit_is_block_options_detached":false,"_editorskit_block_options_position":"{}","site-sidebar-layout":"no-sidebar","site-content-layout":"plain-container","ast-site-content-layout":"default","site-content-style":"default","site-sidebar-style":"default","ast-global-header-display":"","ast-banner-title-visibility":"","ast-main-header-display":"","ast-hfb-above-header-display":"","ast-hfb-below-header-display":"","ast-hfb-mobile-header-display":"","site-post-title":"disabled","ast-breadcrumbs-content":"","ast-featured-img":"","footer-sml-layout":"","theme-transparent-header-meta":"enabled","adv-header-id-meta":"","stick-header-meta":"","header-above-stick-meta":"","header-main-stick-meta":"","header-below-stick-meta":"","astra-migrate-meta-layouts":"default","ast-page-background-enabled":"default","ast-page-background-meta":{"desktop":{"background-color":"","background-image":"","background-repeat":"repeat","background-position":"center center","background-size":"auto","background-attachment":"scroll","background-type":"","background-media":"","overlay-type":"","overlay-color":"","overlay-opacity":"","overlay-gradient":""},"tablet":{"background-color":"","background-image":"","background-repeat":"repeat","background-position":"center center","background-size":"auto","background-attachment":"scroll","background-type":"","background-media":"","overlay-type":"","overlay-color":"","overlay-opacity":"","overlay-gradient":""},"mobile":{"background-color":"","background-image":"","background-repeat":"repeat","background-position":"center center","background-size":"auto","background-attachment":"scroll","background-type":"","background-media":"","overlay-type":"","overlay-color":"","overlay-opacity":"","overlay-gradient":""}},"ast-content-background-meta":{"desktop":{"background-color":"var(--ast-global-color-5)","background-image":"","background-repeat":"repeat","background-position":"center center","background-size":"auto","background-attachment":"scroll","background-type":"","background-media":"","overlay-type":"","overlay-color":"","overlay-opacity":"","overlay-gradient":""},"tablet":{"background-color":"var(--ast-global-color-5)","background-image":"","background-repeat":"repeat","background-position":"center center","background-size":"auto","background-attachment":"scroll","background-type":"","background-media":"","overlay-type":"","overlay-color":"","overlay-opacity":"","overlay-gradient":""},"mobile":{"background-color":"var(--ast-global-color-5)","background-image":"","background-repeat":"repeat","background-position":"center center","background-size":"auto","background-attachment":"scroll","background-type":"","background-media":"","overlay-type":"","overlay-color":"","overlay-opacity":"","overlay-gradient":""}},"footnotes":""},"class_list":["post-386","page","type-page","status-publish","hentry"],"yoast_head":"<!-- This site is optimized with the Yoast SEO plugin v25.5 - https:\/\/yoast.com\/wordpress\/plugins\/seo\/ -->\n<title>Empresas Colaboradoras - cereagps<\/title>\n<meta name=\"robots\" content=\"index, follow, max-snippet:-1, max-image-preview:large, max-video-preview:-1\" \/>\n<link rel=\"canonical\" href=\"https:\/\/cereagps.com\/?page_id=386\" \/>\n<meta property=\"og:locale\" content=\"en_US\" \/>\n<meta property=\"og:type\" content=\"article\" \/>\n<meta property=\"og:title\" content=\"Empresas Colaboradoras - cereagps\" \/>\n<meta property=\"og:description\" content=\"Jaltest https:\/\/www.jaltest.com\/es\/ Jaltest es la divisi\u00f3n de Cojali dedicada al desarrollo de soluciones tecnol\u00f3gicas de alto valor a\u00f1adido que apuestan por la digitalizaci\u00f3n de los talleres, flotas y empresas de servicios, as\u00ed como por la especializaci\u00f3n del sector de la automoci\u00f3n industrial en la electr\u00f3nica. Estas soluciones, englobadas en las distintas marcas de Jaltest, hacen [&hellip;]\" \/>\n<meta property=\"og:url\" content=\"https:\/\/cereagps.com\/?page_id=386\" \/>\n<meta property=\"og:site_name\" content=\"cereagps\" \/>\n<meta property=\"article:publisher\" content=\"https:\/\/www.facebook.com\/groups\/712599805477230\/\" \/>\n<meta property=\"article:modified_time\" content=\"2025-07-21T08:23:03+00:00\" \/>\n<meta property=\"og:image\" content=\"https:\/\/cereagps.com\/wp-content\/uploads\/2022\/08\/PHOTO-2020-05-21-14-51-03-e1692782234177.jpg\" \/>\n\t<meta property=\"og:image:width\" content=\"2048\" \/>\n\t<meta property=\"og:image:height\" content=\"819\" \/>\n\t<meta property=\"og:image:type\" content=\"image\/jpeg\" \/>\n<meta name=\"twitter:card\" content=\"summary_large_image\" \/>\n<meta name=\"twitter:label1\" content=\"Est. reading time\" \/>\n\t<meta name=\"twitter:data1\" content=\"3 minutes\" \/>\n<script type=\"application\/ld+json\" class=\"yoast-schema-graph\">{\"@context\":\"https:\/\/schema.org\",\"@graph\":[{\"@type\":\"WebPage\",\"@id\":\"https:\/\/cereagps.com\/?page_id=386\",\"url\":\"https:\/\/cereagps.com\/?page_id=386\",\"name\":\"Empresas Colaboradoras - cereagps\",\"isPartOf\":{\"@id\":\"https:\/\/cereagps.com\/#website\"},\"primaryImageOfPage\":{\"@id\":\"https:\/\/cereagps.com\/?page_id=386#primaryimage\"},\"image\":{\"@id\":\"https:\/\/cereagps.com\/?page_id=386#primaryimage\"},\"thumbnailUrl\":\"https:\/\/cereagps.com\/wp-content\/uploads\/2022\/08\/PHOTO-2020-05-21-14-51-03-e1692782234177-1024x410.jpg\",\"datePublished\":\"2023-08-23T07:51:40+00:00\",\"dateModified\":\"2025-07-21T08:23:03+00:00\",\"breadcrumb\":{\"@id\":\"https:\/\/cereagps.com\/?page_id=386#breadcrumb\"},\"inLanguage\":\"en-US\",\"potentialAction\":[{\"@type\":\"ReadAction\",\"target\":[\"https:\/\/cereagps.com\/?page_id=386\"]}]},{\"@type\":\"ImageObject\",\"inLanguage\":\"en-US\",\"@id\":\"https:\/\/cereagps.com\/?page_id=386#primaryimage\",\"url\":\"https:\/\/cereagps.com\/wp-content\/uploads\/2022\/08\/PHOTO-2020-05-21-14-51-03-e1692782234177.jpg\",\"contentUrl\":\"https:\/\/cereagps.com\/wp-content\/uploads\/2022\/08\/PHOTO-2020-05-21-14-51-03-e1692782234177.jpg\",\"width\":2048,\"height\":819},{\"@type\":\"BreadcrumbList\",\"@id\":\"https:\/\/cereagps.com\/?page_id=386#breadcrumb\",\"itemListElement\":[{\"@type\":\"ListItem\",\"position\":1,\"name\":\"Home\",\"item\":\"https:\/\/cereagps.com\/\"},{\"@type\":\"ListItem\",\"position\":2,\"name\":\"Empresas Colaboradoras\"}]},{\"@type\":\"WebSite\",\"@id\":\"https:\/\/cereagps.com\/#website\",\"url\":\"https:\/\/cereagps.com\/\",\"name\":\"cereagps\",\"description\":\"auto guiado\",\"publisher\":{\"@id\":\"https:\/\/cereagps.com\/#organization\"},\"potentialAction\":[{\"@type\":\"SearchAction\",\"target\":{\"@type\":\"EntryPoint\",\"urlTemplate\":\"https:\/\/cereagps.com\/?s={search_term_string}\"},\"query-input\":{\"@type\":\"PropertyValueSpecification\",\"valueRequired\":true,\"valueName\":\"search_term_string\"}}],\"inLanguage\":\"en-US\"},{\"@type\":\"Organization\",\"@id\":\"https:\/\/cereagps.com\/#organization\",\"name\":\"cereagps\",\"url\":\"https:\/\/cereagps.com\/\",\"logo\":{\"@type\":\"ImageObject\",\"inLanguage\":\"en-US\",\"@id\":\"https:\/\/cereagps.com\/#\/schema\/logo\/image\/\",\"url\":\"https:\/\/cereagps.com\/wp-content\/uploads\/2022\/08\/cropped-logo-Cerea_fondo_transp-e1661501686773.png\",\"contentUrl\":\"https:\/\/cereagps.com\/wp-content\/uploads\/2022\/08\/cropped-logo-Cerea_fondo_transp-e1661501686773.png\",\"width\":512,\"height\":171,\"caption\":\"cereagps\"},\"image\":{\"@id\":\"https:\/\/cereagps.com\/#\/schema\/logo\/image\/\"},\"sameAs\":[\"https:\/\/www.facebook.com\/groups\/712599805477230\/\"]}]}<\/script>\n<!-- \/ Yoast SEO plugin. -->","yoast_head_json":{"title":"Empresas Colaboradoras - cereagps","robots":{"index":"index","follow":"follow","max-snippet":"max-snippet:-1","max-image-preview":"max-image-preview:large","max-video-preview":"max-video-preview:-1"},"canonical":"https:\/\/cereagps.com\/?page_id=386","og_locale":"en_US","og_type":"article","og_title":"Empresas Colaboradoras - cereagps","og_description":"Jaltest https:\/\/www.jaltest.com\/es\/ Jaltest es la divisi\u00f3n de Cojali dedicada al desarrollo de soluciones tecnol\u00f3gicas de alto valor a\u00f1adido que apuestan por la digitalizaci\u00f3n de los talleres, flotas y empresas de servicios, as\u00ed como por la especializaci\u00f3n del sector de la automoci\u00f3n industrial en la electr\u00f3nica. Estas soluciones, englobadas en las distintas marcas de Jaltest, hacen [&hellip;]","og_url":"https:\/\/cereagps.com\/?page_id=386","og_site_name":"cereagps","article_publisher":"https:\/\/www.facebook.com\/groups\/712599805477230\/","article_modified_time":"2025-07-21T08:23:03+00:00","og_image":[{"width":2048,"height":819,"url":"https:\/\/cereagps.com\/wp-content\/uploads\/2022\/08\/PHOTO-2020-05-21-14-51-03-e1692782234177.jpg","type":"image\/jpeg"}],"twitter_card":"summary_large_image","twitter_misc":{"Est. reading time":"3 minutes"},"schema":{"@context":"https:\/\/schema.org","@graph":[{"@type":"WebPage","@id":"https:\/\/cereagps.com\/?page_id=386","url":"https:\/\/cereagps.com\/?page_id=386","name":"Empresas Colaboradoras - cereagps","isPartOf":{"@id":"https:\/\/cereagps.com\/#website"},"primaryImageOfPage":{"@id":"https:\/\/cereagps.com\/?page_id=386#primaryimage"},"image":{"@id":"https:\/\/cereagps.com\/?page_id=386#primaryimage"},"thumbnailUrl":"https:\/\/cereagps.com\/wp-content\/uploads\/2022\/08\/PHOTO-2020-05-21-14-51-03-e1692782234177-1024x410.jpg","datePublished":"2023-08-23T07:51:40+00:00","dateModified":"2025-07-21T08:23:03+00:00","breadcrumb":{"@id":"https:\/\/cereagps.com\/?page_id=386#breadcrumb"},"inLanguage":"en-US","potentialAction":[{"@type":"ReadAction","target":["https:\/\/cereagps.com\/?page_id=386"]}]},{"@type":"ImageObject","inLanguage":"en-US","@id":"https:\/\/cereagps.com\/?page_id=386#primaryimage","url":"https:\/\/cereagps.com\/wp-content\/uploads\/2022\/08\/PHOTO-2020-05-21-14-51-03-e1692782234177.jpg","contentUrl":"https:\/\/cereagps.com\/wp-content\/uploads\/2022\/08\/PHOTO-2020-05-21-14-51-03-e1692782234177.jpg","width":2048,"height":819},{"@type":"BreadcrumbList","@id":"https:\/\/cereagps.com\/?page_id=386#breadcrumb","itemListElement":[{"@type":"ListItem","position":1,"name":"Home","item":"https:\/\/cereagps.com\/"},{"@type":"ListItem","position":2,"name":"Empresas Colaboradoras"}]},{"@type":"WebSite","@id":"https:\/\/cereagps.com\/#website","url":"https:\/\/cereagps.com\/","name":"cereagps","description":"auto guiado","publisher":{"@id":"https:\/\/cereagps.com\/#organization"},"potentialAction":[{"@type":"SearchAction","target":{"@type":"EntryPoint","urlTemplate":"https:\/\/cereagps.com\/?s={search_term_string}"},"query-input":{"@type":"PropertyValueSpecification","valueRequired":true,"valueName":"search_term_string"}}],"inLanguage":"en-US"},{"@type":"Organization","@id":"https:\/\/cereagps.com\/#organization","name":"cereagps","url":"https:\/\/cereagps.com\/","logo":{"@type":"ImageObject","inLanguage":"en-US","@id":"https:\/\/cereagps.com\/#\/schema\/logo\/image\/","url":"https:\/\/cereagps.com\/wp-content\/uploads\/2022\/08\/cropped-logo-Cerea_fondo_transp-e1661501686773.png","contentUrl":"https:\/\/cereagps.com\/wp-content\/uploads\/2022\/08\/cropped-logo-Cerea_fondo_transp-e1661501686773.png","width":512,"height":171,"caption":"cereagps"},"image":{"@id":"https:\/\/cereagps.com\/#\/schema\/logo\/image\/"},"sameAs":["https:\/\/www.facebook.com\/groups\/712599805477230\/"]}]}},"_links":{"self":[{"href":"https:\/\/cereagps.com\/index.php?rest_route=\/wp\/v2\/pages\/386","targetHints":{"allow":["GET"]}}],"collection":[{"href":"https:\/\/cereagps.com\/index.php?rest_route=\/wp\/v2\/pages"}],"about":[{"href":"https:\/\/cereagps.com\/index.php?rest_route=\/wp\/v2\/types\/page"}],"author":[{"embeddable":true,"href":"https:\/\/cereagps.com\/index.php?rest_route=\/wp\/v2\/users\/1"}],"replies":[{"embeddable":true,"href":"https:\/\/cereagps.com\/index.php?rest_route=%2Fwp%2Fv2%2Fcomments&post=386"}],"version-history":[{"count":47,"href":"https:\/\/cereagps.com\/index.php?rest_route=\/wp\/v2\/pages\/386\/revisions"}],"predecessor-version":[{"id":1177,"href":"https:\/\/cereagps.com\/index.php?rest_route=\/wp\/v2\/pages\/386\/revisions\/1177"}],"wp:attachment":[{"href":"https:\/\/cereagps.com\/index.php?rest_route=%2Fwp%2Fv2%2Fmedia&parent=386"}],"curies":[{"name":"wp","href":"https:\/\/api.w.org\/{rel}","templated":true}]}}