{"id":144,"date":"2020-09-15T10:27:18","date_gmt":"2020-09-15T10:27:18","guid":{"rendered":"http:\/\/localhost:8888\/mywp\/?page_id=144"},"modified":"2026-03-09T13:50:27","modified_gmt":"2026-03-09T13:50:27","slug":"inicio","status":"publish","type":"page","link":"https:\/\/cereagps.com\/","title":{"rendered":"Inicio"},"content":{"rendered":"\n<div class=\"wp-block-cover alignfull\" style=\"min-height:850px;aspect-ratio:unset;\"><img loading=\"lazy\" decoding=\"async\" width=\"2048\" height=\"1535\" class=\"wp-block-cover__image-background wp-image-152\" alt=\"\" src=\"https:\/\/cereagps.com\/wp-content\/uploads\/2022\/08\/PHOTO-2020-05-21-14-50-57-1.jpg\" style=\"object-position:53% 0%\" data-object-fit=\"cover\" data-object-position=\"53% 0%\" srcset=\"https:\/\/cereagps.com\/wp-content\/uploads\/2022\/08\/PHOTO-2020-05-21-14-50-57-1.jpg 2048w, https:\/\/cereagps.com\/wp-content\/uploads\/2022\/08\/PHOTO-2020-05-21-14-50-57-1-300x225.jpg 300w, https:\/\/cereagps.com\/wp-content\/uploads\/2022\/08\/PHOTO-2020-05-21-14-50-57-1-1024x768.jpg 1024w, https:\/\/cereagps.com\/wp-content\/uploads\/2022\/08\/PHOTO-2020-05-21-14-50-57-1-768x576.jpg 768w, https:\/\/cereagps.com\/wp-content\/uploads\/2022\/08\/PHOTO-2020-05-21-14-50-57-1-1536x1151.jpg 1536w\" sizes=\"auto, (max-width: 2048px) 100vw, 2048px\" \/><span aria-hidden=\"true\" class=\"wp-block-cover__background has-ast-global-color-3-background-color has-background-dim\"><\/span><div class=\"wp-block-cover__inner-container is-layout-flow wp-block-cover-is-layout-flow\">\n<p><\/p>\n\n\n\n<h5 class=\"wp-block-heading has-text-align-center has-white-color has-text-color\">Empresa espa\u00f1ola de desarrollo de sistemas de guiado de veh\u00edculos.<\/h5>\n\n\n\n<h1 class=\"wp-block-heading has-text-align-center has-white-color has-text-color\">CEREA<\/h1>\n\n\n\n<div class=\"wp-block-buttons is-horizontal is-content-justification-center is-layout-flex wp-container-core-buttons-is-layout-03627597 wp-block-buttons-is-layout-flex\">\n<div class=\"wp-block-button\"><a class=\"wp-block-button__link wp-element-button\" href=\"https:\/\/cereagps.com\/?page_id=12\" rel=\"contacto\">Solicitar presupuesto<\/a><\/div>\n<\/div>\n<\/div><\/div>\n\n\n\n<figure class=\"wp-block-image alignfull size-large\"><img loading=\"lazy\" decoding=\"async\" width=\"1024\" height=\"188\" src=\"https:\/\/cereagps.com\/wp-content\/uploads\/2026\/03\/upscalemedia-transformed-1024x188.png\" alt=\"\" class=\"wp-image-1567\" srcset=\"https:\/\/cereagps.com\/wp-content\/uploads\/2026\/03\/upscalemedia-transformed-1024x188.png 1024w, https:\/\/cereagps.com\/wp-content\/uploads\/2026\/03\/upscalemedia-transformed-300x55.png 300w, https:\/\/cereagps.com\/wp-content\/uploads\/2026\/03\/upscalemedia-transformed-768x141.png 768w, https:\/\/cereagps.com\/wp-content\/uploads\/2026\/03\/upscalemedia-transformed-1536x282.png 1536w, https:\/\/cereagps.com\/wp-content\/uploads\/2026\/03\/upscalemedia-transformed-2048x375.png 2048w\" sizes=\"auto, (max-width: 1024px) 100vw, 1024px\" \/><\/figure>\n\n\n\n<div class=\"inherit-container-width wp-block-group alignfull has-ast-global-color-5-background-color has-background is-layout-constrained wp-block-group-is-layout-constrained\"><div class=\"wp-block-group__inner-container\">\n<h5 class=\"wp-block-heading has-text-align-center\">Acerca de nosotros<\/h5>\n\n\n\n<h2 class=\"wp-block-heading has-text-align-center\">Programando software de guiado para veh\u00edculos desde 2004<\/h2>\n\n\n\n<p class=\"has-text-align-center\">Aunamos nuestros conocimientos de ingenier\u00eda con la experiencia familiar de una explotaci\u00f3n agr\u00edcola.<\/p>\n\n\n\n<p class=\"has-text-align-center\">De esta manera aprovechamos nuestros conocimientos t\u00e9cnicos y pr\u00e1cticos para desarrollar y mejorar d\u00eda a d\u00eda nuestro software de guiado Cerea.<\/p>\n\n\n\n<div class=\"wp-block-columns is-layout-flex wp-container-core-columns-is-layout-28f84493 wp-block-columns-is-layout-flex\">\n<div class=\"wp-block-column is-layout-flow wp-block-column-is-layout-flow\">\n<figure class=\"wp-block-embed is-type-video is-provider-youtube wp-block-embed-youtube wp-embed-aspect-16-9 wp-has-aspect-ratio\"><div class=\"wp-block-embed__wrapper\">\n<div class=\"ast-oembed-container \" style=\"height: 100%;\"><iframe loading=\"lazy\" title=\"Presentaci\u00f3n Cerea T10R 2026\" width=\"500\" height=\"281\" src=\"https:\/\/www.youtube.com\/embed\/4QkpNG5Wg3c?feature=oembed\" frameborder=\"0\" allow=\"accelerometer; autoplay; clipboard-write; encrypted-media; gyroscope; picture-in-picture; web-share\" referrerpolicy=\"strict-origin-when-cross-origin\" allowfullscreen><\/iframe><\/div>\n<\/div><\/figure>\n<\/div>\n\n\n\n<div class=\"wp-block-column is-layout-flow wp-block-column-is-layout-flow\">\n<figure class=\"wp-block-embed is-type-video is-provider-youtube wp-block-embed-youtube wp-embed-aspect-16-9 wp-has-aspect-ratio\"><div class=\"wp-block-embed__wrapper\">\n<div class=\"ast-oembed-container \" style=\"height: 100%;\"><iframe loading=\"lazy\" title=\"Novedades FIMA 2026\" width=\"500\" height=\"281\" src=\"https:\/\/www.youtube.com\/embed\/Mol9bWyRUZ0?feature=oembed\" frameborder=\"0\" allow=\"accelerometer; autoplay; clipboard-write; encrypted-media; gyroscope; picture-in-picture; web-share\" referrerpolicy=\"strict-origin-when-cross-origin\" allowfullscreen><\/iframe><\/div>\n<\/div><\/figure>\n<\/div>\n\n\n\n<div class=\"wp-block-column is-layout-flow wp-block-column-is-layout-flow\">\n<figure class=\"wp-block-embed is-type-video is-provider-youtube wp-block-embed-youtube wp-embed-aspect-16-9 wp-has-aspect-ratio\"><div class=\"wp-block-embed__wrapper\">\n<div class=\"ast-oembed-container \" style=\"height: 100%;\"><iframe loading=\"lazy\" title=\"Cerea T10R. Preparaci\u00f3n de suelo. Auto rotaci\u00f3n. Autoturn.\" width=\"500\" height=\"281\" src=\"https:\/\/www.youtube.com\/embed\/4NYXCZ8vMDM?feature=oembed\" frameborder=\"0\" allow=\"accelerometer; autoplay; clipboard-write; encrypted-media; gyroscope; picture-in-picture; web-share\" referrerpolicy=\"strict-origin-when-cross-origin\" allowfullscreen><\/iframe><\/div>\n<\/div><\/figure>\n<\/div>\n<\/div>\n\n\n\n<div style=\"height:39px\" aria-hidden=\"true\" class=\"wp-block-spacer\"><\/div>\n\n\n\n<div class=\"wp-block-buttons is-horizontal is-content-justification-center is-layout-flex wp-container-core-buttons-is-layout-03627597 wp-block-buttons-is-layout-flex\">\n<div class=\"wp-block-button\" id=\"contacto\"><a class=\"wp-block-button__link wp-element-button\" href=\"https:\/\/cereagps.com\/?page_id=12\">Solicitar presupuesto<\/a><\/div>\n<\/div>\n<\/div><\/div>\n\n\n\n<div class=\"wp-block-cover alignfull has-parallax\" style=\"min-height:900px;aspect-ratio:unset;\"><div class=\"wp-block-cover__image-background wp-image-153 has-parallax\" style=\"background-position:50% 50%;background-image:url(https:\/\/cereagps.com\/wp-content\/uploads\/2022\/08\/PHOTO-2020-05-21-14-51-03.jpg)\"><\/div><span aria-hidden=\"true\" class=\"wp-block-cover__background has-ast-global-color-3-background-color has-background-dim-70 has-background-dim\"><\/span><div class=\"wp-block-cover__inner-container is-layout-flow wp-block-cover-is-layout-flow\">\n<div class=\"wp-block-columns alignwide are-vertically-aligned-center is-layout-flex wp-container-core-columns-is-layout-28f84493 wp-block-columns-is-layout-flex\">\n<div class=\"wp-block-column is-vertically-aligned-center is-layout-flow wp-block-column-is-layout-flow\">\n<div class=\"inherit-container-width wp-block-group is-layout-constrained wp-block-group-is-layout-constrained\"><div class=\"wp-block-group__inner-container\">\n<h5 class=\"wp-block-heading has-white-color has-text-color\">Nuestros productos<\/h5>\n\n\n\n<h3 class=\"wp-block-heading has-white-color has-text-color\">Autoguiado Agr\u00edcola, para obtener m\u00e1xima precisi\u00f3n en sus tareas .<\/h3>\n\n\n\n<hr class=\"wp-block-separator has-text-color has-ast-global-color-0-color has-css-opacity has-ast-global-color-0-background-color has-background is-style-wide\"\/>\n\n\n\n<h4 class=\"wp-block-heading has-white-color has-text-color\">Sencillo de manejar<\/h4>\n\n\n\n<p class=\"has-ast-global-color-5-color has-text-color\">Realiza tus trabajos agr\u00edcolas de forma mucho m\u00e1s eficiente.<\/p>\n\n\n\n<p class=\"has-ast-global-color-5-color has-text-color\">Cerea puede utilizarse tanto para autoguiado (el sistema controla la direcci\u00f3n del veh\u00edculo) como para guiado visual (conducci\u00f3n manual), consigui\u00e9ndose una gran precisi\u00f3n entre pasadas sin esfuerzo<\/p>\n\n\n\n<p class=\"has-white-color has-text-color\">.<\/p>\n\n\n\n<hr class=\"wp-block-separator has-text-color has-ast-global-color-0-color has-css-opacity has-ast-global-color-0-background-color has-background is-style-wide\"\/>\n\n\n\n<h4 class=\"wp-block-heading has-white-color has-text-color\">Programaci\u00f3n de necesidades espec\u00edficas.<\/h4>\n\n\n\n<p class=\"has-white-color has-text-color\">Si tienes una necesidad para tu trabajo, la podemos programar<\/p>\n<\/div><\/div>\n<\/div>\n\n\n\n<div class=\"wp-block-column is-vertically-aligned-center is-layout-flow wp-block-column-is-layout-flow\">\n<div class=\"inherit-container-width wp-block-group is-layout-constrained wp-block-group-is-layout-constrained\"><div class=\"wp-block-group__inner-container\">\n<h2 class=\"wp-block-heading has-white-color has-text-color\">Sistema de guiado con la mejor relaci\u00f3n calidad precio<\/h2>\n\n\n\n<div class=\"wp-block-buttons is-layout-flex wp-block-buttons-is-layout-flex\">\n<div class=\"wp-block-button\"><a class=\"wp-block-button__link wp-element-button\" href=\"https:\/\/cereagps.com\/?page_id=12\">Solicitar presupuesto<\/a><\/div>\n<\/div>\n<\/div><\/div>\n<\/div>\n<\/div>\n<\/div><\/div>\n\n\n\n<div class=\"inherit-container-width wp-block-group alignfull has-ast-global-color-5-background-color has-background is-layout-constrained wp-block-group-is-layout-constrained\"><div class=\"wp-block-group__inner-container\">\n<h2 class=\"wp-block-heading has-text-align-center\">Nuestros \u00faltimos productos<\/h2>\n\n\n\n<div class=\"wp-block-columns alignwide is-layout-flex wp-container-core-columns-is-layout-28f84493 wp-block-columns-is-layout-flex\">\n<div class=\"wp-block-column is-layout-flow wp-block-column-is-layout-flow\">\n<figure class=\"wp-block-image alignfull size-full\"><img loading=\"lazy\" decoding=\"async\" width=\"574\" height=\"394\" src=\"https:\/\/cereagps.com\/wp-content\/uploads\/2026\/02\/IMG_9386-Photoroom2.png\" alt=\"\" class=\"wp-image-1554\" srcset=\"https:\/\/cereagps.com\/wp-content\/uploads\/2026\/02\/IMG_9386-Photoroom2.png 574w, https:\/\/cereagps.com\/wp-content\/uploads\/2026\/02\/IMG_9386-Photoroom2-300x206.png 300w\" sizes=\"auto, (max-width: 574px) 100vw, 574px\" \/><\/figure>\n\n\n\n<h4 class=\"wp-block-heading has-cyan-bluish-gray-background-color has-background\"><a href=\"https:\/\/cereagps.com\/?page_id=10\/#kit-autoguiado-t10r\">Kit de autoguiado T10R<\/a><\/h4>\n\n\n\n<p>Auto-guiado RTK:<\/p>\n\n\n\n<ul class=\"wp-block-list\">\n<li>Monitor rugerizado con m\u00f3dulo gps RTK.<\/li>\n\n\n\n<li>Antena GNSS activa multiconstelaci\u00f3n (GPS, Glonass, Galileo, Beido, Qzss)<\/li>\n\n\n\n<li>Volante el\u00e9ctrico integrado<\/li>\n\n\n\n<li>Carcasa bot\u00f3n con comando de funciones b\u00e1sicas<\/li>\n<\/ul>\n\n\n\n<hr class=\"wp-block-separator has-alpha-channel-opacity editorskit-no-desktop\"\/>\n<\/div>\n\n\n\n<div class=\"wp-block-column is-layout-flow wp-block-column-is-layout-flow\">\n<figure class=\"wp-block-image aligncenter size-large is-resized\"><img loading=\"lazy\" decoding=\"async\" width=\"1024\" height=\"856\" src=\"https:\/\/cereagps.com\/wp-content\/uploads\/2024\/08\/5915528306290180443-1024x856.jpg\" alt=\"\" class=\"wp-image-971\" style=\"aspect-ratio:1.1962947032075704;width:490px;height:auto\" srcset=\"https:\/\/cereagps.com\/wp-content\/uploads\/2024\/08\/5915528306290180443-1024x856.jpg 1024w, https:\/\/cereagps.com\/wp-content\/uploads\/2024\/08\/5915528306290180443-300x251.jpg 300w, https:\/\/cereagps.com\/wp-content\/uploads\/2024\/08\/5915528306290180443-768x642.jpg 768w, https:\/\/cereagps.com\/wp-content\/uploads\/2024\/08\/5915528306290180443.jpg 1280w\" sizes=\"auto, (max-width: 1024px) 100vw, 1024px\" \/><\/figure>\n\n\n\n<h4 class=\"wp-block-heading has-cyan-bluish-gray-background-color has-background\"><a href=\"https:\/\/cereagps.com\/?page_id=10\/#kit-estacion-r26\">Kit de estaci\u00f3n Base RTK R26-D10<\/a><\/h4>\n\n\n\n<ul class=\"wp-block-list\">\n<li>Estaci\u00f3n base para trabajar a pie de campo<\/li>\n\n\n\n<li>Comunicaci\u00f3n por radio enlace con el autoguiado. <\/li>\n\n\n\n<li>Distancia m\u00e1xima de trabajo desde la base 3km a la redonda. Posibilidad de alargar la distancia con una radio de mayor potencia. <\/li>\n\n\n\n<li>Grabaci\u00f3n de puntos de posici\u00f3n mediante bluetooth y app android.<\/li>\n<\/ul>\n\n\n\n<hr class=\"wp-block-separator has-alpha-channel-opacity editorskit-no-desktop\"\/>\n<\/div>\n<\/div>\n<\/div><\/div>\n\n\n\n<div class=\"inherit-container-width wp-block-group alignfull has-ast-global-color-4-background-color has-background is-layout-constrained wp-block-group-is-layout-constrained\"><div class=\"wp-block-group__inner-container\">\n<div class=\"wp-block-columns alignfull are-vertically-aligned-center is-layout-flex wp-container-core-columns-is-layout-28f84493 wp-block-columns-is-layout-flex\">\n<div class=\"wp-block-column is-vertically-aligned-center is-layout-flow wp-block-column-is-layout-flow\" style=\"flex-basis:66.66%\">\n<h3 class=\"wp-block-heading has-text-align-left\">Quieres saber el precio de alguno de nuestros productos<\/h3>\n<\/div>\n\n\n\n<div class=\"wp-block-column is-vertically-aligned-center is-layout-flow wp-block-column-is-layout-flow\" style=\"flex-basis:33.33%\">\n<div class=\"wp-block-buttons is-horizontal is-content-justification-center is-layout-flex wp-container-core-buttons-is-layout-03627597 wp-block-buttons-is-layout-flex\">\n<div class=\"wp-block-button\"><a class=\"wp-block-button__link wp-element-button\" href=\"https:\/\/cereagps.com\/?page_id=12\">Solicita presupuesto<\/a><\/div>\n<\/div>\n<\/div>\n<\/div>\n<\/div><\/div>\n","protected":false},"excerpt":{"rendered":"<p>Acerca de nosotros Programando software de guiado para veh\u00edculos desde 2004 Aunamos nuestros conocimientos de ingenier\u00eda con la experiencia familiar de una explotaci\u00f3n agr\u00edcola. De esta manera aprovechamos nuestros conocimientos t\u00e9cnicos y pr\u00e1cticos para desarrollar y mejorar d\u00eda a d\u00eda nuestro software de guiado Cerea. Nuestros \u00faltimos productos Kit de autoguiado T10R Auto-guiado RTK: Kit [&hellip;]<\/p>\n","protected":false},"author":1,"featured_media":0,"parent":0,"menu_order":0,"comment_status":"closed","ping_status":"closed","template":"","meta":{"_editorskit_title_hidden":false,"_editorskit_reading_time":1,"_editorskit_is_block_options_detached":false,"_editorskit_block_options_position":"{}","site-sidebar-layout":"no-sidebar","site-content-layout":"plain-container","ast-site-content-layout":"normal-width-container","site-content-style":"unboxed","site-sidebar-style":"unboxed","ast-global-header-display":"","ast-banner-title-visibility":"","ast-main-header-display":"","ast-hfb-above-header-display":"","ast-hfb-below-header-display":"","ast-hfb-mobile-header-display":"","site-post-title":"disabled","ast-breadcrumbs-content":"","ast-featured-img":"disabled","footer-sml-layout":"","theme-transparent-header-meta":"enabled","adv-header-id-meta":"","stick-header-meta":"","header-above-stick-meta":"","header-main-stick-meta":"","header-below-stick-meta":"","astra-migrate-meta-layouts":"set","ast-page-background-enabled":"default","ast-page-background-meta":{"desktop":{"background-color":"","background-image":"","background-repeat":"repeat","background-position":"center center","background-size":"auto","background-attachment":"scroll","background-type":"","background-media":"","overlay-type":"","overlay-color":"","overlay-opacity":"","overlay-gradient":""},"tablet":{"background-color":"","background-image":"","background-repeat":"repeat","background-position":"center center","background-size":"auto","background-attachment":"scroll","background-type":"","background-media":"","overlay-type":"","overlay-color":"","overlay-opacity":"","overlay-gradient":""},"mobile":{"background-color":"","background-image":"","background-repeat":"repeat","background-position":"center center","background-size":"auto","background-attachment":"scroll","background-type":"","background-media":"","overlay-type":"","overlay-color":"","overlay-opacity":"","overlay-gradient":""}},"ast-content-background-meta":{"desktop":{"background-color":"var(--ast-global-color-5)","background-image":"","background-repeat":"repeat","background-position":"center center","background-size":"auto","background-attachment":"scroll","background-type":"","background-media":"","overlay-type":"","overlay-color":"","overlay-opacity":"","overlay-gradient":""},"tablet":{"background-color":"var(--ast-global-color-5)","background-image":"","background-repeat":"repeat","background-position":"center center","background-size":"auto","background-attachment":"scroll","background-type":"","background-media":"","overlay-type":"","overlay-color":"","overlay-opacity":"","overlay-gradient":""},"mobile":{"background-color":"var(--ast-global-color-5)","background-image":"","background-repeat":"repeat","background-position":"center center","background-size":"auto","background-attachment":"scroll","background-type":"","background-media":"","overlay-type":"","overlay-color":"","overlay-opacity":"","overlay-gradient":""}},"footnotes":""},"class_list":["post-144","page","type-page","status-publish","hentry"],"yoast_head":"<!-- This site is optimized with the Yoast SEO plugin v25.5 - https:\/\/yoast.com\/wordpress\/plugins\/seo\/ -->\n<title>Inicio - cereagps<\/title>\n<meta name=\"robots\" content=\"index, follow, max-snippet:-1, max-image-preview:large, max-video-preview:-1\" \/>\n<link rel=\"canonical\" href=\"https:\/\/cereagps.com\/\" \/>\n<meta property=\"og:locale\" content=\"en_US\" \/>\n<meta property=\"og:type\" content=\"article\" \/>\n<meta property=\"og:title\" content=\"Inicio - cereagps\" \/>\n<meta property=\"og:description\" content=\"Acerca de nosotros Programando software de guiado para veh\u00edculos desde 2004 Aunamos nuestros conocimientos de ingenier\u00eda con la experiencia familiar de una explotaci\u00f3n agr\u00edcola. De esta manera aprovechamos nuestros conocimientos t\u00e9cnicos y pr\u00e1cticos para desarrollar y mejorar d\u00eda a d\u00eda nuestro software de guiado Cerea. Nuestros \u00faltimos productos Kit de autoguiado T10R Auto-guiado RTK: Kit [&hellip;]\" \/>\n<meta property=\"og:url\" content=\"https:\/\/cereagps.com\/\" \/>\n<meta property=\"og:site_name\" content=\"cereagps\" \/>\n<meta property=\"article:publisher\" content=\"https:\/\/www.facebook.com\/groups\/712599805477230\/\" \/>\n<meta property=\"article:modified_time\" content=\"2026-03-09T13:50:27+00:00\" \/>\n<meta property=\"og:image\" content=\"https:\/\/cereagps.com\/wp-content\/uploads\/2022\/08\/PHOTO-2020-05-21-14-50-57-1.jpg\" \/>\n\t<meta property=\"og:image:width\" content=\"2048\" \/>\n\t<meta property=\"og:image:height\" content=\"1535\" \/>\n\t<meta property=\"og:image:type\" content=\"image\/jpeg\" \/>\n<meta name=\"twitter:card\" content=\"summary_large_image\" \/>\n<meta name=\"twitter:label1\" content=\"Est. reading time\" \/>\n\t<meta name=\"twitter:data1\" content=\"2 minutes\" \/>\n<script type=\"application\/ld+json\" class=\"yoast-schema-graph\">{\"@context\":\"https:\/\/schema.org\",\"@graph\":[{\"@type\":\"WebPage\",\"@id\":\"https:\/\/cereagps.com\/\",\"url\":\"https:\/\/cereagps.com\/\",\"name\":\"Inicio - cereagps\",\"isPartOf\":{\"@id\":\"https:\/\/cereagps.com\/#website\"},\"primaryImageOfPage\":{\"@id\":\"https:\/\/cereagps.com\/#primaryimage\"},\"image\":{\"@id\":\"https:\/\/cereagps.com\/#primaryimage\"},\"thumbnailUrl\":\"https:\/\/cereagps.com\/wp-content\/uploads\/2022\/08\/PHOTO-2020-05-21-14-50-57-1.jpg\",\"datePublished\":\"2020-09-15T10:27:18+00:00\",\"dateModified\":\"2026-03-09T13:50:27+00:00\",\"breadcrumb\":{\"@id\":\"https:\/\/cereagps.com\/#breadcrumb\"},\"inLanguage\":\"en-US\",\"potentialAction\":[{\"@type\":\"ReadAction\",\"target\":[\"https:\/\/cereagps.com\/\"]}]},{\"@type\":\"ImageObject\",\"inLanguage\":\"en-US\",\"@id\":\"https:\/\/cereagps.com\/#primaryimage\",\"url\":\"https:\/\/cereagps.com\/wp-content\/uploads\/2022\/08\/PHOTO-2020-05-21-14-50-57-1.jpg\",\"contentUrl\":\"https:\/\/cereagps.com\/wp-content\/uploads\/2022\/08\/PHOTO-2020-05-21-14-50-57-1.jpg\",\"width\":2048,\"height\":1535},{\"@type\":\"BreadcrumbList\",\"@id\":\"https:\/\/cereagps.com\/#breadcrumb\",\"itemListElement\":[{\"@type\":\"ListItem\",\"position\":1,\"name\":\"Home\",\"item\":\"https:\/\/cereagps.com\/\"},{\"@type\":\"ListItem\",\"position\":2,\"name\":\"Inicio\"}]},{\"@type\":\"WebSite\",\"@id\":\"https:\/\/cereagps.com\/#website\",\"url\":\"https:\/\/cereagps.com\/\",\"name\":\"cereagps\",\"description\":\"auto guiado\",\"publisher\":{\"@id\":\"https:\/\/cereagps.com\/#organization\"},\"potentialAction\":[{\"@type\":\"SearchAction\",\"target\":{\"@type\":\"EntryPoint\",\"urlTemplate\":\"https:\/\/cereagps.com\/?s={search_term_string}\"},\"query-input\":{\"@type\":\"PropertyValueSpecification\",\"valueRequired\":true,\"valueName\":\"search_term_string\"}}],\"inLanguage\":\"en-US\"},{\"@type\":\"Organization\",\"@id\":\"https:\/\/cereagps.com\/#organization\",\"name\":\"cereagps\",\"url\":\"https:\/\/cereagps.com\/\",\"logo\":{\"@type\":\"ImageObject\",\"inLanguage\":\"en-US\",\"@id\":\"https:\/\/cereagps.com\/#\/schema\/logo\/image\/\",\"url\":\"https:\/\/cereagps.com\/wp-content\/uploads\/2022\/08\/cropped-logo-Cerea_fondo_transp-e1661501686773.png\",\"contentUrl\":\"https:\/\/cereagps.com\/wp-content\/uploads\/2022\/08\/cropped-logo-Cerea_fondo_transp-e1661501686773.png\",\"width\":512,\"height\":171,\"caption\":\"cereagps\"},\"image\":{\"@id\":\"https:\/\/cereagps.com\/#\/schema\/logo\/image\/\"},\"sameAs\":[\"https:\/\/www.facebook.com\/groups\/712599805477230\/\"]}]}<\/script>\n<!-- \/ Yoast SEO plugin. -->","yoast_head_json":{"title":"Inicio - cereagps","robots":{"index":"index","follow":"follow","max-snippet":"max-snippet:-1","max-image-preview":"max-image-preview:large","max-video-preview":"max-video-preview:-1"},"canonical":"https:\/\/cereagps.com\/","og_locale":"en_US","og_type":"article","og_title":"Inicio - cereagps","og_description":"Acerca de nosotros Programando software de guiado para veh\u00edculos desde 2004 Aunamos nuestros conocimientos de ingenier\u00eda con la experiencia familiar de una explotaci\u00f3n agr\u00edcola. De esta manera aprovechamos nuestros conocimientos t\u00e9cnicos y pr\u00e1cticos para desarrollar y mejorar d\u00eda a d\u00eda nuestro software de guiado Cerea. Nuestros \u00faltimos productos Kit de autoguiado T10R Auto-guiado RTK: Kit [&hellip;]","og_url":"https:\/\/cereagps.com\/","og_site_name":"cereagps","article_publisher":"https:\/\/www.facebook.com\/groups\/712599805477230\/","article_modified_time":"2026-03-09T13:50:27+00:00","og_image":[{"width":2048,"height":1535,"url":"https:\/\/cereagps.com\/wp-content\/uploads\/2022\/08\/PHOTO-2020-05-21-14-50-57-1.jpg","type":"image\/jpeg"}],"twitter_card":"summary_large_image","twitter_misc":{"Est. reading time":"2 minutes"},"schema":{"@context":"https:\/\/schema.org","@graph":[{"@type":"WebPage","@id":"https:\/\/cereagps.com\/","url":"https:\/\/cereagps.com\/","name":"Inicio - cereagps","isPartOf":{"@id":"https:\/\/cereagps.com\/#website"},"primaryImageOfPage":{"@id":"https:\/\/cereagps.com\/#primaryimage"},"image":{"@id":"https:\/\/cereagps.com\/#primaryimage"},"thumbnailUrl":"https:\/\/cereagps.com\/wp-content\/uploads\/2022\/08\/PHOTO-2020-05-21-14-50-57-1.jpg","datePublished":"2020-09-15T10:27:18+00:00","dateModified":"2026-03-09T13:50:27+00:00","breadcrumb":{"@id":"https:\/\/cereagps.com\/#breadcrumb"},"inLanguage":"en-US","potentialAction":[{"@type":"ReadAction","target":["https:\/\/cereagps.com\/"]}]},{"@type":"ImageObject","inLanguage":"en-US","@id":"https:\/\/cereagps.com\/#primaryimage","url":"https:\/\/cereagps.com\/wp-content\/uploads\/2022\/08\/PHOTO-2020-05-21-14-50-57-1.jpg","contentUrl":"https:\/\/cereagps.com\/wp-content\/uploads\/2022\/08\/PHOTO-2020-05-21-14-50-57-1.jpg","width":2048,"height":1535},{"@type":"BreadcrumbList","@id":"https:\/\/cereagps.com\/#breadcrumb","itemListElement":[{"@type":"ListItem","position":1,"name":"Home","item":"https:\/\/cereagps.com\/"},{"@type":"ListItem","position":2,"name":"Inicio"}]},{"@type":"WebSite","@id":"https:\/\/cereagps.com\/#website","url":"https:\/\/cereagps.com\/","name":"cereagps","description":"auto guiado","publisher":{"@id":"https:\/\/cereagps.com\/#organization"},"potentialAction":[{"@type":"SearchAction","target":{"@type":"EntryPoint","urlTemplate":"https:\/\/cereagps.com\/?s={search_term_string}"},"query-input":{"@type":"PropertyValueSpecification","valueRequired":true,"valueName":"search_term_string"}}],"inLanguage":"en-US"},{"@type":"Organization","@id":"https:\/\/cereagps.com\/#organization","name":"cereagps","url":"https:\/\/cereagps.com\/","logo":{"@type":"ImageObject","inLanguage":"en-US","@id":"https:\/\/cereagps.com\/#\/schema\/logo\/image\/","url":"https:\/\/cereagps.com\/wp-content\/uploads\/2022\/08\/cropped-logo-Cerea_fondo_transp-e1661501686773.png","contentUrl":"https:\/\/cereagps.com\/wp-content\/uploads\/2022\/08\/cropped-logo-Cerea_fondo_transp-e1661501686773.png","width":512,"height":171,"caption":"cereagps"},"image":{"@id":"https:\/\/cereagps.com\/#\/schema\/logo\/image\/"},"sameAs":["https:\/\/www.facebook.com\/groups\/712599805477230\/"]}]}},"_links":{"self":[{"href":"https:\/\/cereagps.com\/index.php?rest_route=\/wp\/v2\/pages\/144","targetHints":{"allow":["GET"]}}],"collection":[{"href":"https:\/\/cereagps.com\/index.php?rest_route=\/wp\/v2\/pages"}],"about":[{"href":"https:\/\/cereagps.com\/index.php?rest_route=\/wp\/v2\/types\/page"}],"author":[{"embeddable":true,"href":"https:\/\/cereagps.com\/index.php?rest_route=\/wp\/v2\/users\/1"}],"replies":[{"embeddable":true,"href":"https:\/\/cereagps.com\/index.php?rest_route=%2Fwp%2Fv2%2Fcomments&post=144"}],"version-history":[{"count":144,"href":"https:\/\/cereagps.com\/index.php?rest_route=\/wp\/v2\/pages\/144\/revisions"}],"predecessor-version":[{"id":1568,"href":"https:\/\/cereagps.com\/index.php?rest_route=\/wp\/v2\/pages\/144\/revisions\/1568"}],"wp:attachment":[{"href":"https:\/\/cereagps.com\/index.php?rest_route=%2Fwp%2Fv2%2Fmedia&parent=144"}],"curies":[{"name":"wp","href":"https:\/\/api.w.org\/{rel}","templated":true}]}}