{"id":10,"date":"2020-09-15T10:28:14","date_gmt":"2020-09-15T10:28:14","guid":{"rendered":"http:\/\/localhost:8888\/mywp\/?page_id=10"},"modified":"2026-02-05T13:42:01","modified_gmt":"2026-02-05T13:42:01","slug":"productos","status":"publish","type":"page","link":"https:\/\/cereagps.com\/?page_id=10","title":{"rendered":"Productos"},"content":{"rendered":"\n<div class=\"wp-block-cover alignfull\" style=\"min-height:427px;aspect-ratio:unset;\"><img loading=\"lazy\" decoding=\"async\" width=\"2048\" height=\"819\" class=\"wp-block-cover__image-background wp-image-153\" alt=\"\" src=\"https:\/\/cereagps.com\/wp-content\/uploads\/2022\/08\/PHOTO-2020-05-21-14-51-03-e1692782234177.jpg\" data-object-fit=\"cover\" srcset=\"https:\/\/cereagps.com\/wp-content\/uploads\/2022\/08\/PHOTO-2020-05-21-14-51-03-e1692782234177.jpg 2048w, https:\/\/cereagps.com\/wp-content\/uploads\/2022\/08\/PHOTO-2020-05-21-14-51-03-e1692782234177-300x120.jpg 300w, https:\/\/cereagps.com\/wp-content\/uploads\/2022\/08\/PHOTO-2020-05-21-14-51-03-e1692782234177-1024x410.jpg 1024w, https:\/\/cereagps.com\/wp-content\/uploads\/2022\/08\/PHOTO-2020-05-21-14-51-03-e1692782234177-768x307.jpg 768w, https:\/\/cereagps.com\/wp-content\/uploads\/2022\/08\/PHOTO-2020-05-21-14-51-03-e1692782234177-1536x614.jpg 1536w\" sizes=\"auto, (max-width: 2048px) 100vw, 2048px\" \/><span aria-hidden=\"true\" class=\"wp-block-cover__background has-background-dim\"><\/span><div class=\"wp-block-cover__inner-container is-layout-flow wp-block-cover-is-layout-flow\">\n<h1 class=\"wp-block-heading has-text-align-center has-ast-global-color-7-color has-text-color has-link-color has-x-large-font-size wp-elements-f155261d30b1600b12fa09c7cecda47c\">PRODUCTOS<\/h1>\n\n\n\n<p><\/p>\n<\/div><\/div>\n\n\n\n<div class=\"inherit-container-width wp-block-group alignfull has-ast-global-color-4-background-color has-background is-layout-constrained wp-block-group-is-layout-constrained\"><div class=\"wp-block-group__inner-container\">\n<div class=\"wp-block-media-text alignwide has-media-on-the-right is-stacked-on-mobile is-vertically-aligned-center\" style=\"grid-template-columns:auto 49%\"><div class=\"wp-block-media-text__content\">\n<h5 class=\"wp-block-heading\">ULTIMAS NOVEDADES<\/h5>\n\n\n\n<h2 class=\"wp-block-heading\" id=\"kit-autoguiado-t10r\">Kit Autoguiado T10R GNSS RTK<\/h2>\n\n\n\n<p>Autoguiado RTK, caracter\u00edsticas:<\/p>\n\n\n\n<ul class=\"wp-block-list\">\n<li>Monitor rugerizado (robusto) con m\u00f3dulo gps RTK integrado en \u00e9l.<\/li>\n\n\n\n<li>Antena GNSS activa multiconstelaci\u00f3n (GPS, Glonass, Galileo, Beidu, Qzss)<\/li>\n\n\n\n<li>Recepci\u00f3n de correcciones RTK rtcm3 v\u00eda internet mediante tarjeta SIM interna<\/li>\n\n\n\n<li>Posibilidad de recepci\u00f3n de correcciones RTK rtcm3  mediante una radio externa conectada a estaci\u00f3n base propia.<\/li>\n\n\n\n<li>Inclin\u00f3metro externo incluido.<\/li>\n\n\n\n<li>Marcaci\u00f3n de puntos de guiado, centrado de pasada y acci\u00f3n del volante mediante botones incluidos en el volante.<\/li>\n\n\n\n<li>Volante el\u00e9ctrico integrado de alto par motor y alta velocidad de giro, con adaptador de eje para la mayor parte de veh\u00edculos del mercado.<\/li>\n\n\n\n<li>Salida can-bus y rs485 para accionamiento de sistemas e implementos externos (corte de tramos) o antenas externas (Novatel, Hemisphere, etc.)<\/li>\n<\/ul>\n<\/div><figure class=\"wp-block-media-text__media\"><img loading=\"lazy\" decoding=\"async\" width=\"574\" height=\"394\" src=\"https:\/\/cereagps.com\/wp-content\/uploads\/2026\/02\/IMG_9386-Photoroom2-1.png\" alt=\"\" class=\"wp-image-1556 size-full\" srcset=\"https:\/\/cereagps.com\/wp-content\/uploads\/2026\/02\/IMG_9386-Photoroom2-1.png 574w, https:\/\/cereagps.com\/wp-content\/uploads\/2026\/02\/IMG_9386-Photoroom2-1-300x206.png 300w\" sizes=\"auto, (max-width: 574px) 100vw, 574px\" \/><\/figure><\/div>\n<\/div><\/div>\n\n\n\n<div class=\"wp-block-columns is-layout-flex wp-container-core-columns-is-layout-28f84493 wp-block-columns-is-layout-flex\">\n<div class=\"wp-block-column is-layout-flow wp-block-column-is-layout-flow\">\n<figure class=\"wp-block-embed is-type-video is-provider-youtube wp-block-embed-youtube wp-embed-aspect-16-9 wp-has-aspect-ratio\"><div class=\"wp-block-embed__wrapper\">\n<div class=\"ast-oembed-container \" style=\"height: 100%;\"><iframe loading=\"lazy\" title=\"Nuevo Cerea300R en monitor T10R\" width=\"500\" height=\"281\" src=\"https:\/\/www.youtube.com\/embed\/86KVsNv0I9g?feature=oembed\" frameborder=\"0\" allow=\"accelerometer; autoplay; clipboard-write; encrypted-media; gyroscope; picture-in-picture; web-share\" referrerpolicy=\"strict-origin-when-cross-origin\" allowfullscreen><\/iframe><\/div>\n<\/div><\/figure>\n<\/div>\n\n\n\n<div class=\"wp-block-column is-layout-flow wp-block-column-is-layout-flow\">\n<p>Kit Autoguiado RTK, desempe\u00f1o:<\/p>\n\n\n\n<ul class=\"wp-block-list\">\n<li>Error absoluto con correcciones RTK de 1 cm + 1cm por cada 10km de distancia a la base ( ejemplo, base a 20km, error absoluto m\u00e1ximo de 1+2 = 3cm)<\/li>\n\n\n\n<li>Autorrotaci\u00f3n en cabecera incluso a altas velocidades.<\/li>\n\n\n\n<li>Velocidades de trabajo de 0.5 km\/h hasta 18km\/h<\/li>\n\n\n\n<li>Guiado en reversa (marcha atr\u00e1s).<\/li>\n\n\n\n<li>Preparado para realizar corte de tramos.<\/li>\n<\/ul>\n<\/div>\n<\/div>\n\n\n\n<div style=\"height:100px\" aria-hidden=\"true\" class=\"wp-block-spacer\"><\/div>\n\n\n\n<hr class=\"wp-block-separator alignwide has-alpha-channel-opacity\"\/>\n\n\n\n<div class=\"inherit-container-width wp-block-group alignfull has-ast-global-color-4-background-color has-background is-layout-constrained wp-block-group-is-layout-constrained\"><div class=\"wp-block-group__inner-container\">\n<div class=\"wp-block-media-text alignwide has-media-on-the-right is-stacked-on-mobile is-vertically-aligned-top\" style=\"grid-template-columns:auto 49%\"><div class=\"wp-block-media-text__content\">\n<p><\/p>\n\n\n\n<h2 class=\"wp-block-heading\">Isobus para Autoguiado T10R<\/h2>\n\n\n\n<p>Hemos integrado un Terminal Universal y con Task Controller ISOBUS , para conectarse con aperos compatibles y realizar el corte de secciones y  dosificaci\u00f3n variable:<\/p>\n\n\n\n<p>El apero es visualizado y el autoguiado controla el veh\u00edculo, el corte de secciones y la dosificaci\u00f3n&nbsp;del&nbsp;apero.<\/p>\n<\/div><figure class=\"wp-block-media-text__media\"><img loading=\"lazy\" decoding=\"async\" width=\"853\" height=\"534\" src=\"https:\/\/cereagps.com\/wp-content\/uploads\/2025\/01\/Imagen-de-WhatsApp-2025-01-24-a-las-13.27.26_477f1405.jpg\" alt=\"\" class=\"wp-image-1374 size-full\" srcset=\"https:\/\/cereagps.com\/wp-content\/uploads\/2025\/01\/Imagen-de-WhatsApp-2025-01-24-a-las-13.27.26_477f1405.jpg 853w, https:\/\/cereagps.com\/wp-content\/uploads\/2025\/01\/Imagen-de-WhatsApp-2025-01-24-a-las-13.27.26_477f1405-300x188.jpg 300w, https:\/\/cereagps.com\/wp-content\/uploads\/2025\/01\/Imagen-de-WhatsApp-2025-01-24-a-las-13.27.26_477f1405-768x481.jpg 768w\" sizes=\"auto, (max-width: 853px) 100vw, 853px\" \/><\/figure><\/div>\n<\/div><\/div>\n\n\n\n<hr class=\"wp-block-separator alignwide has-alpha-channel-opacity\"\/>\n\n\n\n<div class=\"inherit-container-width wp-block-group alignfull has-ast-global-color-4-background-color has-background is-layout-constrained wp-block-group-is-layout-constrained\"><div class=\"wp-block-group__inner-container\">\n<div class=\"wp-block-media-text alignwide has-media-on-the-right is-stacked-on-mobile is-vertically-aligned-top\" style=\"grid-template-columns:auto 49%\"><div class=\"wp-block-media-text__content\">\n<h2 class=\"wp-block-heading\" id=\"kit-estacion-r26\">Kit Estaci\u00f3n Base R26-D10<\/h2>\n\n\n\n<p>KIT ESTACION BASE RTK, caracter\u00edsticas:<\/p>\n\n\n\n<ul class=\"wp-block-list\">\n<li>Estaci\u00f3n base para trabajar a pie de campo<\/li>\n\n\n\n<li>Comunicaci\u00f3n por radio enlace con el autoguiado.<\/li>\n\n\n\n<li>Distancia m\u00e1xima de trabajo desde la base 3km a la redonda, con posibilidad de alargar la distancia con una radio de mayor potencia. <\/li>\n\n\n\n<li>Grabaci\u00f3n de puntos de posici\u00f3n mediante bluetooth y app android (de esta forma se pueden tener una colecci\u00f3n de puntos de trabajo guardados para respetar las pasadas que se realicen en diferentes momentos).<\/li>\n<\/ul>\n<\/div><figure class=\"wp-block-media-text__media\"><img loading=\"lazy\" decoding=\"async\" width=\"1024\" height=\"856\" src=\"https:\/\/cereagps.com\/wp-content\/uploads\/2024\/08\/5915528306290180443-1024x856.jpg\" alt=\"\" class=\"wp-image-971 size-full\" srcset=\"https:\/\/cereagps.com\/wp-content\/uploads\/2024\/08\/5915528306290180443-1024x856.jpg 1024w, https:\/\/cereagps.com\/wp-content\/uploads\/2024\/08\/5915528306290180443-300x251.jpg 300w, https:\/\/cereagps.com\/wp-content\/uploads\/2024\/08\/5915528306290180443-768x642.jpg 768w, https:\/\/cereagps.com\/wp-content\/uploads\/2024\/08\/5915528306290180443.jpg 1280w\" sizes=\"auto, (max-width: 1024px) 100vw, 1024px\" \/><\/figure><\/div>\n<\/div><\/div>\n\n\n\n<div class=\"wp-block-columns is-layout-flex wp-container-core-columns-is-layout-28f84493 wp-block-columns-is-layout-flex\">\n<div class=\"wp-block-column is-layout-flow wp-block-column-is-layout-flow\">\n<figure class=\"wp-block-embed is-type-video is-provider-youtube wp-block-embed-youtube wp-embed-aspect-16-9 wp-has-aspect-ratio\"><div class=\"wp-block-embed__wrapper\">\n<div class=\"ast-oembed-container \" style=\"height: 100%;\"><iframe loading=\"lazy\" title=\"Cerea300R con base R26 por radio.\" width=\"500\" height=\"281\" src=\"https:\/\/www.youtube.com\/embed\/UtHNzLHOt74?feature=oembed\" frameborder=\"0\" allow=\"accelerometer; autoplay; clipboard-write; encrypted-media; gyroscope; picture-in-picture; web-share\" referrerpolicy=\"strict-origin-when-cross-origin\" allowfullscreen><\/iframe><\/div>\n<\/div><\/figure>\n<\/div>\n\n\n\n<div class=\"wp-block-column is-layout-flow wp-block-column-is-layout-flow\">\n<p>Kit estaci\u00f3n Base RTK, desempe\u00f1o:<\/p>\n\n\n\n<ul class=\"wp-block-list\">\n<li>Convergencia de RTK instant\u00e1nea.<\/li>\n\n\n\n<li>Distancia de trabajo m\u00e1xima recomendada 3 km a la redonda desde la posici\u00f3n de la base. Esta distancia se puede aumentar usando una radio emisora de m\u00e1s alcance.<\/li>\n\n\n\n<li>La se\u00f1al de radio atraviesa edificios y obst\u00e1culos (\u00e1rboles, por ejemplo)<\/li>\n<\/ul>\n<\/div>\n<\/div>\n\n\n\n<div class=\"inherit-container-width wp-block-group alignfull has-ast-global-color-4-background-color has-background is-layout-constrained wp-block-group-is-layout-constrained\"><div class=\"wp-block-group__inner-container\">\n<div class=\"wp-block-columns alignfull are-vertically-aligned-center is-layout-flex wp-container-core-columns-is-layout-28f84493 wp-block-columns-is-layout-flex\">\n<div class=\"wp-block-column is-vertically-aligned-center is-layout-flow wp-block-column-is-layout-flow\" style=\"flex-basis:66.66%\">\n<h3 class=\"wp-block-heading has-text-align-left\">\u00bfNecesitas alguno de nuestros productos?<\/h3>\n<\/div>\n\n\n\n<div class=\"wp-block-column is-vertically-aligned-center is-layout-flow wp-block-column-is-layout-flow\" style=\"flex-basis:33.33%\">\n<div class=\"wp-block-buttons is-horizontal is-content-justification-center is-layout-flex wp-container-core-buttons-is-layout-03627597 wp-block-buttons-is-layout-flex\">\n<div class=\"wp-block-button\"><a class=\"wp-block-button__link wp-element-button\" href=\"https:\/\/cereagps.com\/?page_id=12\">Solicita Presuesto<\/a><\/div>\n<\/div>\n<\/div>\n<\/div>\n<\/div><\/div>\n","protected":false},"excerpt":{"rendered":"<p>ULTIMAS NOVEDADES Kit Autoguiado T10R GNSS RTK Autoguiado RTK, caracter\u00edsticas: Kit Autoguiado RTK, desempe\u00f1o: Isobus para Autoguiado T10R Hemos integrado un Terminal Universal y con Task Controller ISOBUS , para conectarse con aperos compatibles y realizar el corte de secciones y dosificaci\u00f3n variable: El apero es visualizado y el autoguiado controla el veh\u00edculo, el corte [&hellip;]<\/p>\n","protected":false},"author":1,"featured_media":0,"parent":0,"menu_order":0,"comment_status":"closed","ping_status":"closed","template":"","meta":{"_editorskit_title_hidden":false,"_editorskit_reading_time":0,"_editorskit_is_block_options_detached":false,"_editorskit_block_options_position":"{}","site-sidebar-layout":"no-sidebar","site-content-layout":"plain-container","ast-site-content-layout":"normal-width-container","site-content-style":"unboxed","site-sidebar-style":"unboxed","ast-global-header-display":"","ast-banner-title-visibility":"","ast-main-header-display":"","ast-hfb-above-header-display":"","ast-hfb-below-header-display":"","ast-hfb-mobile-header-display":"","site-post-title":"disabled","ast-breadcrumbs-content":"","ast-featured-img":"disabled","footer-sml-layout":"","theme-transparent-header-meta":"enabled","adv-header-id-meta":"","stick-header-meta":"","header-above-stick-meta":"","header-main-stick-meta":"","header-below-stick-meta":"","astra-migrate-meta-layouts":"set","ast-page-background-enabled":"default","ast-page-background-meta":{"desktop":{"background-color":"","background-image":"","background-repeat":"repeat","background-position":"center center","background-size":"auto","background-attachment":"scroll","background-type":"","background-media":"","overlay-type":"","overlay-color":"","overlay-opacity":"","overlay-gradient":""},"tablet":{"background-color":"","background-image":"","background-repeat":"repeat","background-position":"center center","background-size":"auto","background-attachment":"scroll","background-type":"","background-media":"","overlay-type":"","overlay-color":"","overlay-opacity":"","overlay-gradient":""},"mobile":{"background-color":"","background-image":"","background-repeat":"repeat","background-position":"center center","background-size":"auto","background-attachment":"scroll","background-type":"","background-media":"","overlay-type":"","overlay-color":"","overlay-opacity":"","overlay-gradient":""}},"ast-content-background-meta":{"desktop":{"background-color":"var(--ast-global-color-5)","background-image":"","background-repeat":"repeat","background-position":"center center","background-size":"auto","background-attachment":"scroll","background-type":"","background-media":"","overlay-type":"","overlay-color":"","overlay-opacity":"","overlay-gradient":""},"tablet":{"background-color":"var(--ast-global-color-5)","background-image":"","background-repeat":"repeat","background-position":"center center","background-size":"auto","background-attachment":"scroll","background-type":"","background-media":"","overlay-type":"","overlay-color":"","overlay-opacity":"","overlay-gradient":""},"mobile":{"background-color":"var(--ast-global-color-5)","background-image":"","background-repeat":"repeat","background-position":"center center","background-size":"auto","background-attachment":"scroll","background-type":"","background-media":"","overlay-type":"","overlay-color":"","overlay-opacity":"","overlay-gradient":""}},"footnotes":""},"class_list":["post-10","page","type-page","status-publish","hentry"],"yoast_head":"<!-- This site is optimized with the Yoast SEO plugin v25.5 - https:\/\/yoast.com\/wordpress\/plugins\/seo\/ -->\n<title>Productos - cereagps<\/title>\n<meta name=\"robots\" content=\"index, follow, max-snippet:-1, max-image-preview:large, max-video-preview:-1\" \/>\n<link rel=\"canonical\" href=\"https:\/\/cereagps.com\/?page_id=10\" \/>\n<meta property=\"og:locale\" content=\"en_US\" \/>\n<meta property=\"og:type\" content=\"article\" \/>\n<meta property=\"og:title\" content=\"Productos - cereagps\" \/>\n<meta property=\"og:description\" content=\"ULTIMAS NOVEDADES Kit Autoguiado T10R GNSS RTK Autoguiado RTK, caracter\u00edsticas: Kit Autoguiado RTK, desempe\u00f1o: Isobus para Autoguiado T10R Hemos integrado un Terminal Universal y con Task Controller ISOBUS , para conectarse con aperos compatibles y realizar el corte de secciones y dosificaci\u00f3n variable: El apero es visualizado y el autoguiado controla el veh\u00edculo, el corte [&hellip;]\" \/>\n<meta property=\"og:url\" content=\"https:\/\/cereagps.com\/?page_id=10\" \/>\n<meta property=\"og:site_name\" content=\"cereagps\" \/>\n<meta property=\"article:publisher\" content=\"https:\/\/www.facebook.com\/groups\/712599805477230\/\" \/>\n<meta property=\"article:modified_time\" content=\"2026-02-05T13:42:01+00:00\" \/>\n<meta property=\"og:image\" content=\"https:\/\/cereagps.com\/wp-content\/uploads\/2022\/08\/PHOTO-2020-05-21-14-51-03-e1692782234177.jpg\" \/>\n\t<meta property=\"og:image:width\" content=\"2048\" \/>\n\t<meta property=\"og:image:height\" content=\"819\" \/>\n\t<meta property=\"og:image:type\" content=\"image\/jpeg\" \/>\n<meta name=\"twitter:card\" content=\"summary_large_image\" \/>\n<meta name=\"twitter:label1\" content=\"Est. reading time\" \/>\n\t<meta name=\"twitter:data1\" content=\"3 minutes\" \/>\n<script type=\"application\/ld+json\" class=\"yoast-schema-graph\">{\"@context\":\"https:\/\/schema.org\",\"@graph\":[{\"@type\":\"WebPage\",\"@id\":\"https:\/\/cereagps.com\/?page_id=10\",\"url\":\"https:\/\/cereagps.com\/?page_id=10\",\"name\":\"Productos - cereagps\",\"isPartOf\":{\"@id\":\"https:\/\/cereagps.com\/#website\"},\"primaryImageOfPage\":{\"@id\":\"https:\/\/cereagps.com\/?page_id=10#primaryimage\"},\"image\":{\"@id\":\"https:\/\/cereagps.com\/?page_id=10#primaryimage\"},\"thumbnailUrl\":\"https:\/\/cereagps.com\/wp-content\/uploads\/2022\/08\/PHOTO-2020-05-21-14-51-03-e1692782234177.jpg\",\"datePublished\":\"2020-09-15T10:28:14+00:00\",\"dateModified\":\"2026-02-05T13:42:01+00:00\",\"breadcrumb\":{\"@id\":\"https:\/\/cereagps.com\/?page_id=10#breadcrumb\"},\"inLanguage\":\"en-US\",\"potentialAction\":[{\"@type\":\"ReadAction\",\"target\":[\"https:\/\/cereagps.com\/?page_id=10\"]}]},{\"@type\":\"ImageObject\",\"inLanguage\":\"en-US\",\"@id\":\"https:\/\/cereagps.com\/?page_id=10#primaryimage\",\"url\":\"https:\/\/cereagps.com\/wp-content\/uploads\/2022\/08\/PHOTO-2020-05-21-14-51-03-e1692782234177.jpg\",\"contentUrl\":\"https:\/\/cereagps.com\/wp-content\/uploads\/2022\/08\/PHOTO-2020-05-21-14-51-03-e1692782234177.jpg\",\"width\":2048,\"height\":819},{\"@type\":\"BreadcrumbList\",\"@id\":\"https:\/\/cereagps.com\/?page_id=10#breadcrumb\",\"itemListElement\":[{\"@type\":\"ListItem\",\"position\":1,\"name\":\"Home\",\"item\":\"https:\/\/cereagps.com\/\"},{\"@type\":\"ListItem\",\"position\":2,\"name\":\"Productos\"}]},{\"@type\":\"WebSite\",\"@id\":\"https:\/\/cereagps.com\/#website\",\"url\":\"https:\/\/cereagps.com\/\",\"name\":\"cereagps\",\"description\":\"auto guiado\",\"publisher\":{\"@id\":\"https:\/\/cereagps.com\/#organization\"},\"potentialAction\":[{\"@type\":\"SearchAction\",\"target\":{\"@type\":\"EntryPoint\",\"urlTemplate\":\"https:\/\/cereagps.com\/?s={search_term_string}\"},\"query-input\":{\"@type\":\"PropertyValueSpecification\",\"valueRequired\":true,\"valueName\":\"search_term_string\"}}],\"inLanguage\":\"en-US\"},{\"@type\":\"Organization\",\"@id\":\"https:\/\/cereagps.com\/#organization\",\"name\":\"cereagps\",\"url\":\"https:\/\/cereagps.com\/\",\"logo\":{\"@type\":\"ImageObject\",\"inLanguage\":\"en-US\",\"@id\":\"https:\/\/cereagps.com\/#\/schema\/logo\/image\/\",\"url\":\"https:\/\/cereagps.com\/wp-content\/uploads\/2022\/08\/cropped-logo-Cerea_fondo_transp-e1661501686773.png\",\"contentUrl\":\"https:\/\/cereagps.com\/wp-content\/uploads\/2022\/08\/cropped-logo-Cerea_fondo_transp-e1661501686773.png\",\"width\":512,\"height\":171,\"caption\":\"cereagps\"},\"image\":{\"@id\":\"https:\/\/cereagps.com\/#\/schema\/logo\/image\/\"},\"sameAs\":[\"https:\/\/www.facebook.com\/groups\/712599805477230\/\"]}]}<\/script>\n<!-- \/ Yoast SEO plugin. -->","yoast_head_json":{"title":"Productos - cereagps","robots":{"index":"index","follow":"follow","max-snippet":"max-snippet:-1","max-image-preview":"max-image-preview:large","max-video-preview":"max-video-preview:-1"},"canonical":"https:\/\/cereagps.com\/?page_id=10","og_locale":"en_US","og_type":"article","og_title":"Productos - cereagps","og_description":"ULTIMAS NOVEDADES Kit Autoguiado T10R GNSS RTK Autoguiado RTK, caracter\u00edsticas: Kit Autoguiado RTK, desempe\u00f1o: Isobus para Autoguiado T10R Hemos integrado un Terminal Universal y con Task Controller ISOBUS , para conectarse con aperos compatibles y realizar el corte de secciones y dosificaci\u00f3n variable: El apero es visualizado y el autoguiado controla el veh\u00edculo, el corte [&hellip;]","og_url":"https:\/\/cereagps.com\/?page_id=10","og_site_name":"cereagps","article_publisher":"https:\/\/www.facebook.com\/groups\/712599805477230\/","article_modified_time":"2026-02-05T13:42:01+00:00","og_image":[{"width":2048,"height":819,"url":"https:\/\/cereagps.com\/wp-content\/uploads\/2022\/08\/PHOTO-2020-05-21-14-51-03-e1692782234177.jpg","type":"image\/jpeg"}],"twitter_card":"summary_large_image","twitter_misc":{"Est. reading time":"3 minutes"},"schema":{"@context":"https:\/\/schema.org","@graph":[{"@type":"WebPage","@id":"https:\/\/cereagps.com\/?page_id=10","url":"https:\/\/cereagps.com\/?page_id=10","name":"Productos - cereagps","isPartOf":{"@id":"https:\/\/cereagps.com\/#website"},"primaryImageOfPage":{"@id":"https:\/\/cereagps.com\/?page_id=10#primaryimage"},"image":{"@id":"https:\/\/cereagps.com\/?page_id=10#primaryimage"},"thumbnailUrl":"https:\/\/cereagps.com\/wp-content\/uploads\/2022\/08\/PHOTO-2020-05-21-14-51-03-e1692782234177.jpg","datePublished":"2020-09-15T10:28:14+00:00","dateModified":"2026-02-05T13:42:01+00:00","breadcrumb":{"@id":"https:\/\/cereagps.com\/?page_id=10#breadcrumb"},"inLanguage":"en-US","potentialAction":[{"@type":"ReadAction","target":["https:\/\/cereagps.com\/?page_id=10"]}]},{"@type":"ImageObject","inLanguage":"en-US","@id":"https:\/\/cereagps.com\/?page_id=10#primaryimage","url":"https:\/\/cereagps.com\/wp-content\/uploads\/2022\/08\/PHOTO-2020-05-21-14-51-03-e1692782234177.jpg","contentUrl":"https:\/\/cereagps.com\/wp-content\/uploads\/2022\/08\/PHOTO-2020-05-21-14-51-03-e1692782234177.jpg","width":2048,"height":819},{"@type":"BreadcrumbList","@id":"https:\/\/cereagps.com\/?page_id=10#breadcrumb","itemListElement":[{"@type":"ListItem","position":1,"name":"Home","item":"https:\/\/cereagps.com\/"},{"@type":"ListItem","position":2,"name":"Productos"}]},{"@type":"WebSite","@id":"https:\/\/cereagps.com\/#website","url":"https:\/\/cereagps.com\/","name":"cereagps","description":"auto guiado","publisher":{"@id":"https:\/\/cereagps.com\/#organization"},"potentialAction":[{"@type":"SearchAction","target":{"@type":"EntryPoint","urlTemplate":"https:\/\/cereagps.com\/?s={search_term_string}"},"query-input":{"@type":"PropertyValueSpecification","valueRequired":true,"valueName":"search_term_string"}}],"inLanguage":"en-US"},{"@type":"Organization","@id":"https:\/\/cereagps.com\/#organization","name":"cereagps","url":"https:\/\/cereagps.com\/","logo":{"@type":"ImageObject","inLanguage":"en-US","@id":"https:\/\/cereagps.com\/#\/schema\/logo\/image\/","url":"https:\/\/cereagps.com\/wp-content\/uploads\/2022\/08\/cropped-logo-Cerea_fondo_transp-e1661501686773.png","contentUrl":"https:\/\/cereagps.com\/wp-content\/uploads\/2022\/08\/cropped-logo-Cerea_fondo_transp-e1661501686773.png","width":512,"height":171,"caption":"cereagps"},"image":{"@id":"https:\/\/cereagps.com\/#\/schema\/logo\/image\/"},"sameAs":["https:\/\/www.facebook.com\/groups\/712599805477230\/"]}]}},"_links":{"self":[{"href":"https:\/\/cereagps.com\/index.php?rest_route=\/wp\/v2\/pages\/10","targetHints":{"allow":["GET"]}}],"collection":[{"href":"https:\/\/cereagps.com\/index.php?rest_route=\/wp\/v2\/pages"}],"about":[{"href":"https:\/\/cereagps.com\/index.php?rest_route=\/wp\/v2\/types\/page"}],"author":[{"embeddable":true,"href":"https:\/\/cereagps.com\/index.php?rest_route=\/wp\/v2\/users\/1"}],"replies":[{"embeddable":true,"href":"https:\/\/cereagps.com\/index.php?rest_route=%2Fwp%2Fv2%2Fcomments&post=10"}],"version-history":[{"count":81,"href":"https:\/\/cereagps.com\/index.php?rest_route=\/wp\/v2\/pages\/10\/revisions"}],"predecessor-version":[{"id":1558,"href":"https:\/\/cereagps.com\/index.php?rest_route=\/wp\/v2\/pages\/10\/revisions\/1558"}],"wp:attachment":[{"href":"https:\/\/cereagps.com\/index.php?rest_route=%2Fwp%2Fv2%2Fmedia&parent=10"}],"curies":[{"name":"wp","href":"https:\/\/api.w.org\/{rel}","templated":true}]}}